{"id":16,"date":"2024-04-27T22:21:02","date_gmt":"2024-04-27T20:21:02","guid":{"rendered":"https:\/\/iksazur.com\/?page_id=16"},"modified":"2025-12-09T11:02:28","modified_gmt":"2025-12-09T10:02:28","slug":"les-tarifs","status":"publish","type":"page","link":"https:\/\/iksazur.com\/index.php\/les-tarifs\/","title":{"rendered":"Les tarifs"},"content":{"rendered":"\n<figure class=\"wp-block-image size-large\"><img loading=\"lazy\" decoding=\"async\" width=\"1024\" height=\"1024\" src=\"https:\/\/iksazur.com\/wp-content\/uploads\/2025\/12\/tarifs-IKS-2026-1-1024x1024.jpeg\" alt=\"\" class=\"wp-image-343\" srcset=\"https:\/\/iksazur.com\/wp-content\/uploads\/2025\/12\/tarifs-IKS-2026-1-1024x1024.jpeg 1024w, https:\/\/iksazur.com\/wp-content\/uploads\/2025\/12\/tarifs-IKS-2026-1-300x300.jpeg 300w, https:\/\/iksazur.com\/wp-content\/uploads\/2025\/12\/tarifs-IKS-2026-1-150x150.jpeg 150w, https:\/\/iksazur.com\/wp-content\/uploads\/2025\/12\/tarifs-IKS-2026-1-768x768.jpeg 768w, https:\/\/iksazur.com\/wp-content\/uploads\/2025\/12\/tarifs-IKS-2026-1.jpeg 1080w\" sizes=\"auto, (max-width: 1024px) 100vw, 1024px\" \/><\/figure>\n\n\n\n<h2 class=\"wp-block-heading has-text-align-center has-text-color has-link-color wp-elements-2951ce84476d10d258ed0fb7a239b61c\" style=\"color:#30256b\">Kitesurf &#8211; Wingfoil &#8211; eFoil<\/h2>\n\n\n\n<div class=\"wp-block-group alignfull has-global-padding is-layout-constrained wp-block-group-is-layout-constrained\">\n<div class=\"wp-block-cover alignfull is-light has-custom-content-position is-position-top-center\" style=\"margin-top:0;margin-bottom:0;padding-top:var(--wp--preset--spacing--60);padding-right:var(--wp--preset--spacing--20);padding-bottom:var(--wp--preset--spacing--60);padding-left:var(--wp--preset--spacing--20);min-height:573px;aspect-ratio:unset;\"><img loading=\"lazy\" decoding=\"async\" width=\"2500\" height=\"1576\" class=\"wp-block-cover__image-background wp-image-101\" alt=\"\" src=\"http:\/\/iksazur.com\/wp-content\/uploads\/2024\/05\/juice_duotone_kiteboarding_reno_romeu_union_island2.jpg\" style=\"object-position:54% 54%\" data-object-fit=\"cover\" data-object-position=\"54% 54%\" srcset=\"https:\/\/iksazur.com\/wp-content\/uploads\/2024\/05\/juice_duotone_kiteboarding_reno_romeu_union_island2.jpg 2500w, https:\/\/iksazur.com\/wp-content\/uploads\/2024\/05\/juice_duotone_kiteboarding_reno_romeu_union_island2-300x189.jpg 300w, https:\/\/iksazur.com\/wp-content\/uploads\/2024\/05\/juice_duotone_kiteboarding_reno_romeu_union_island2-1024x646.jpg 1024w, https:\/\/iksazur.com\/wp-content\/uploads\/2024\/05\/juice_duotone_kiteboarding_reno_romeu_union_island2-768x484.jpg 768w, https:\/\/iksazur.com\/wp-content\/uploads\/2024\/05\/juice_duotone_kiteboarding_reno_romeu_union_island2-1536x968.jpg 1536w, https:\/\/iksazur.com\/wp-content\/uploads\/2024\/05\/juice_duotone_kiteboarding_reno_romeu_union_island2-2048x1291.jpg 2048w\" sizes=\"auto, (max-width: 2500px) 100vw, 2500px\" \/><span aria-hidden=\"true\" class=\"wp-block-cover__background has-background-dim-0 has-background-dim\" style=\"background-color:#729fa1\"><\/span><div class=\"wp-block-cover__inner-container is-layout-flow wp-block-cover-is-layout-flow\">\n<h2 class=\"wp-block-heading has-text-align-center has-base-2-color has-text-color has-link-color wp-elements-dadbff2d18a127b5adbef2bee9fa2170\">Offrez un bon cadeau&nbsp;!<\/h2>\n\n\n\n<p class=\"has-text-align-center has-base-color has-text-color has-link-color wp-elements-8ee55d10fe71c462ec5edd7ffbde594d\">Un cadeau \u00e0 faire&nbsp;? En manque d\u2019inspiration&nbsp;? Cadeau de derni\u00e8re minute&nbsp;?&nbsp;<br>Offrez un bon cadeau pour une ou plusieurs de nos activit\u00e9s&nbsp;!&nbsp;<br>N\u2019h\u00e9sitez pas \u00e0 nous contacter pour la r\u00e9alisation d\u2019un bon cadeau personnalis\u00e9&nbsp;!&nbsp;<\/p>\n<\/div><\/div>\n<\/div>\n","protected":false},"excerpt":{"rendered":"<p>Kitesurf &#8211; Wingfoil &#8211; eFoil<\/p>\n","protected":false},"author":2,"featured_media":0,"parent":0,"menu_order":0,"comment_status":"closed","ping_status":"closed","template":"","meta":{"footnotes":""},"class_list":["post-16","page","type-page","status-publish","hentry"],"_links":{"self":[{"href":"https:\/\/iksazur.com\/index.php\/wp-json\/wp\/v2\/pages\/16","targetHints":{"allow":["GET"]}}],"collection":[{"href":"https:\/\/iksazur.com\/index.php\/wp-json\/wp\/v2\/pages"}],"about":[{"href":"https:\/\/iksazur.com\/index.php\/wp-json\/wp\/v2\/types\/page"}],"author":[{"embeddable":true,"href":"https:\/\/iksazur.com\/index.php\/wp-json\/wp\/v2\/users\/2"}],"replies":[{"embeddable":true,"href":"https:\/\/iksazur.com\/index.php\/wp-json\/wp\/v2\/comments?post=16"}],"version-history":[{"count":23,"href":"https:\/\/iksazur.com\/index.php\/wp-json\/wp\/v2\/pages\/16\/revisions"}],"predecessor-version":[{"id":344,"href":"https:\/\/iksazur.com\/index.php\/wp-json\/wp\/v2\/pages\/16\/revisions\/344"}],"wp:attachment":[{"href":"https:\/\/iksazur.com\/index.php\/wp-json\/wp\/v2\/media?parent=16"}],"curies":[{"name":"wp","href":"https:\/\/api.w.org\/{rel}","templated":true}]}}